{"id":5749,"date":"2025-11-19T20:50:30","date_gmt":"2025-11-19T19:50:30","guid":{"rendered":"https:\/\/www.illa.be\/product\/bazar-bizar-bol-ovale-cascais-s-lot-de-6\/"},"modified":"2026-03-26T15:08:54","modified_gmt":"2026-03-26T14:08:54","slug":"bazar-bizar-bol-ovale-cascais-s-lot-de-6","status":"publish","type":"product","link":"https:\/\/www.illa.be\/fr\/produit\/bazar-bizar-bol-ovale-cascais-s-lot-de-6\/","title":{"rendered":"Bazar Bizar Bol Ovale Cascais &#8211; S &#8211; Lot de 6"},"content":{"rendered":"<p>Ce lot de bols ovales Cascais se compose de 6 bols faits main en taille S. Ce lot polyvalent est parfait pour servir de petites portions et des accompagnements. Ce lot de bols ovales Cascais convient aux tables modernes comme classiques.<br \/>\nCe lot Cascais fait main rend chaque repas sp\u00e9cial. Ces bols sont pratiques \u00e0 utiliser. Leur design authentique s\u2019accorde avec toute vaisselle. Chaque bol a un caract\u00e8re unique gr\u00e2ce au travail artisanal.<\/p>\n","protected":false},"excerpt":{"rendered":"<p>Pour un brunch, un d\u00e9jeuner ou un d\u00eener, rien n\u2019est plus agr\u00e9able qu\u2019une table bien dress\u00e9e avec de la vaisselle soigneusement choisie. Nous adorons le design unique et les nuances de couleurs de notre c\u00e9ramique portugaise. Un vrai incontournable pour chaque occasion. Cette version blanche avec une touche dor\u00e9e est parfaite pour tout, d\u2019un d\u00eener formel \u00e0 un pique-nique estival. Cette vaisselle faite main peut varier en couleur. Ce n\u2019est pas un d\u00e9faut de fabrication, mais une caract\u00e9ristique unique du mat\u00e9riau et du processus de cr\u00e9ation.<\/p>\n","protected":false},"featured_media":5750,"template":"","meta":{"_acf_changed":false},"product_brand":[421],"product_cat":[250,440],"product_tag":[311,359,349,352,238,231,350],"class_list":{"0":"post-5749","1":"product","2":"type-product","3":"status-publish","4":"has-post-thumbnail","6":"product_brand-bazar-bizar","7":"product_cat-diner","8":"product_cat-promo","9":"product_tag-bol","10":"product_tag-cascais","11":"product_tag-ceramique","12":"product_tag-diner","13":"product_tag-fait-main","14":"product_tag-lot","15":"product_tag-mediterraneen","17":"entry","18":"has-media","20":"first","21":"instock","22":"sale","23":"taxable","24":"shipping-taxable","25":"purchasable","26":"product-type-simple","27":"has-product-nav","28":"col","29":"span_1_of_3","30":"owp-content-center","31":"owp-thumbs-layout-horizontal","32":"owp-btn-normal","33":"owp-tabs-layout-horizontal","35":"circle-sale"},"acf":[],"_links":{"self":[{"href":"https:\/\/www.illa.be\/fr\/wp-json\/wp\/v2\/product\/5749","targetHints":{"allow":["GET"]}}],"collection":[{"href":"https:\/\/www.illa.be\/fr\/wp-json\/wp\/v2\/product"}],"about":[{"href":"https:\/\/www.illa.be\/fr\/wp-json\/wp\/v2\/types\/product"}],"wp:featuredmedia":[{"embeddable":true,"href":"https:\/\/www.illa.be\/fr\/wp-json\/wp\/v2\/media\/5750"}],"wp:attachment":[{"href":"https:\/\/www.illa.be\/fr\/wp-json\/wp\/v2\/media?parent=5749"}],"wp:term":[{"taxonomy":"product_brand","embeddable":true,"href":"https:\/\/www.illa.be\/fr\/wp-json\/wp\/v2\/product_brand?post=5749"},{"taxonomy":"product_cat","embeddable":true,"href":"https:\/\/www.illa.be\/fr\/wp-json\/wp\/v2\/product_cat?post=5749"},{"taxonomy":"product_tag","embeddable":true,"href":"https:\/\/www.illa.be\/fr\/wp-json\/wp\/v2\/product_tag?post=5749"}],"curies":[{"name":"wp","href":"https:\/\/api.w.org\/{rel}","templated":true}]}}