{"id":5300,"date":"2025-11-19T20:50:06","date_gmt":"2025-11-19T19:50:06","guid":{"rendered":"https:\/\/www.illa.be\/product\/bougie-sara-rechargeable-blanche-lot-de-3-diam-75-cm-x-h-105-cm-diam-75-cm-x-h-125-cm-diam-75-cm-x-h-15-cm\/"},"modified":"2026-03-26T15:47:09","modified_gmt":"2026-03-26T14:47:09","slug":"bougie-sara-rechargeable-blanche-lot-de-3-diam-75-cm-x-h-105-cm-diam-75-cm-x-h-125-cm-diam-75-cm-x-h-15-cm","status":"publish","type":"product","link":"https:\/\/www.illa.be\/fr\/produit\/bougie-sara-rechargeable-blanche-lot-de-3-diam-75-cm-x-h-105-cm-diam-75-cm-x-h-125-cm-diam-75-cm-x-h-15-cm\/","title":{"rendered":"Bougie Sara rechargeable blanche &#8211; Lot de 3 Diam 7,5 cm x H 10,5 cm Diam 7,5 cm x H 12,5 cm Diam 7,5 cm x H 15 cm"},"content":{"rendered":"<p>Ces bougies rechargeables durables apportent de l\u2019\u00e9l\u00e9gance \u00e0 ton int\u00e9rieur.<br \/>\nDesign rechargeable, ex\u00e9cution durable, finition \u00e9l\u00e9gante. Cette bougie LED offre de nombreux avantages : flamme naturelle, longue autonomie, utilisation s\u00fbre, qualit\u00e9 durable.<br \/>\nLes possibilit\u00e9s sont infinies : parfait pour un usage quotidien, dans chaque int\u00e9rieur, toute l\u2019ann\u00e9e. Ces bougies rechargeables durables s\u2019adaptent parfaitement \u00e0 : un habitat moderne, un style classique, des ambiances chaleureuses  <\/p>\n","protected":false},"excerpt":{"rendered":"<p>Sara est une collection intemporelle qui donnera instantan\u00e9ment un caract\u00e8re chaleureux \u00e0 ta maison. Con\u00e7ue avec une flamme vacillante, d\u00e9core ton int\u00e9rieur pour ajouter une touche de bougie r\u00e9aliste et durable \u00e0 ta d\u00e9coration.<br \/>\nMultichargeur Decopower 3 ou 7 stations et t\u00e9l\u00e9commande non inclus &#8211; \u00e0 commander s\u00e9par\u00e9ment <\/p>\n","protected":false},"featured_media":5302,"template":"","meta":{"_acf_changed":false},"product_brand":[423],"product_cat":[321],"product_tag":[328,326,260,327,271],"class_list":{"0":"post-5300","1":"product","2":"type-product","3":"status-publish","4":"has-post-thumbnail","6":"product_brand-sirius","7":"product_cat-bougies","8":"product_tag-blanc","9":"product_tag-bougie-led","10":"product_tag-durable","11":"product_tag-eclairage-dambiance","12":"product_tag-rechargeable","14":"entry","15":"has-media","17":"first","18":"instock","19":"taxable","20":"shipping-taxable","21":"purchasable","22":"product-type-simple","23":"has-product-nav","24":"col","25":"span_1_of_3","26":"owp-content-center","27":"owp-thumbs-layout-horizontal","28":"owp-btn-normal","29":"owp-tabs-layout-horizontal","31":"circle-sale"},"acf":[],"_links":{"self":[{"href":"https:\/\/www.illa.be\/fr\/wp-json\/wp\/v2\/product\/5300","targetHints":{"allow":["GET"]}}],"collection":[{"href":"https:\/\/www.illa.be\/fr\/wp-json\/wp\/v2\/product"}],"about":[{"href":"https:\/\/www.illa.be\/fr\/wp-json\/wp\/v2\/types\/product"}],"wp:featuredmedia":[{"embeddable":true,"href":"https:\/\/www.illa.be\/fr\/wp-json\/wp\/v2\/media\/5302"}],"wp:attachment":[{"href":"https:\/\/www.illa.be\/fr\/wp-json\/wp\/v2\/media?parent=5300"}],"wp:term":[{"taxonomy":"product_brand","embeddable":true,"href":"https:\/\/www.illa.be\/fr\/wp-json\/wp\/v2\/product_brand?post=5300"},{"taxonomy":"product_cat","embeddable":true,"href":"https:\/\/www.illa.be\/fr\/wp-json\/wp\/v2\/product_cat?post=5300"},{"taxonomy":"product_tag","embeddable":true,"href":"https:\/\/www.illa.be\/fr\/wp-json\/wp\/v2\/product_tag?post=5300"}],"curies":[{"name":"wp","href":"https:\/\/api.w.org\/{rel}","templated":true}]}}