{"id":5203,"date":"2025-11-19T20:49:57","date_gmt":"2025-11-19T19:49:57","guid":{"rendered":"https:\/\/www.illa.be\/product\/poele-en-fonte-25-cm-10\/"},"modified":"2026-03-26T15:47:50","modified_gmt":"2026-03-26T14:47:50","slug":"poele-en-fonte-25-cm-10","status":"publish","type":"product","link":"https:\/\/www.illa.be\/fr\/produit\/poele-en-fonte-25-cm-10\/","title":{"rendered":"Po\u00eale en fonte 25 cm &#8211; 10&Prime;"},"content":{"rendered":"<p>Cette po\u00eale en fonte est un classique. La po\u00eale est robuste et solide. Elle fait 25 cm. Parfaite pour les repas de famille.<br \/>\nTu re\u00e7ois : po\u00eale en fonte, 25 cm de diam\u00e8tre, pr\u00e9-culott\u00e9e, poign\u00e9e robuste, adapt\u00e9e \u00e0 tous les feux.<br \/>\nLe design : classique, intemporel, fonte noire, poign\u00e9e robuste, mat\u00e9riau durable.<br \/>\nUtilisation : cuire, r\u00f4tir, saisir, faire sauter, r\u00e9chauffer. La po\u00eale est polyvalente. Elle r\u00e9partit bien la chaleur. La taille est pratique.<br \/>\nConseils : chauffer doucement, bien s\u00e9cher, huiler l\u00e9g\u00e8rement, ne pas frotter, ne pas utiliser de savon.<br \/>\nExtra : livr\u00e9e pr\u00e9-culott\u00e9e, va au four, beau design, reste belle, pas de rayures.<br \/>\nCaract\u00e9ristiques : design traditionnel, fabrication artisanale, look authentique, style intemporel, finition classique.<\/p>\n","protected":false},"excerpt":{"rendered":"<p>Les po\u00eales en fonte Barebones. Ces po\u00eales disposent d\u2019une poign\u00e9e ergonomique et confortable, con\u00e7ue dans un mat\u00e9riau qui diffuse la chaleur. Gr\u00e2ce \u00e0 cette poign\u00e9e, glisse ta po\u00eale en fonte au four facilement et en toute s\u00e9curit\u00e9. Les po\u00eales sont dot\u00e9es de deux becs verseurs de chaque c\u00f4t\u00e9. Cette po\u00eale est aussi compatible avec l\u2019induction ! Ne passe pas au lave-vaisselle.<\/p>\n","protected":false},"featured_media":5207,"template":"","meta":{"_acf_changed":false},"product_brand":[419],"product_cat":[254],"product_tag":[252,256,260,255,382],"class_list":{"0":"post-5203","1":"product","2":"type-product","3":"status-publish","4":"has-post-thumbnail","6":"product_brand-barebones","7":"product_cat-cuisine","8":"product_tag-cuisine","9":"product_tag-cuisine-2","10":"product_tag-durable","11":"product_tag-fonte","12":"product_tag-poele","14":"entry","15":"has-media","17":"first","18":"instock","19":"taxable","20":"shipping-taxable","21":"purchasable","22":"product-type-simple","23":"has-product-nav","24":"col","25":"span_1_of_3","26":"owp-content-center","27":"owp-thumbs-layout-horizontal","28":"owp-btn-normal","29":"owp-tabs-layout-horizontal","31":"circle-sale"},"acf":[],"_links":{"self":[{"href":"https:\/\/www.illa.be\/fr\/wp-json\/wp\/v2\/product\/5203","targetHints":{"allow":["GET"]}}],"collection":[{"href":"https:\/\/www.illa.be\/fr\/wp-json\/wp\/v2\/product"}],"about":[{"href":"https:\/\/www.illa.be\/fr\/wp-json\/wp\/v2\/types\/product"}],"wp:featuredmedia":[{"embeddable":true,"href":"https:\/\/www.illa.be\/fr\/wp-json\/wp\/v2\/media\/5207"}],"wp:attachment":[{"href":"https:\/\/www.illa.be\/fr\/wp-json\/wp\/v2\/media?parent=5203"}],"wp:term":[{"taxonomy":"product_brand","embeddable":true,"href":"https:\/\/www.illa.be\/fr\/wp-json\/wp\/v2\/product_brand?post=5203"},{"taxonomy":"product_cat","embeddable":true,"href":"https:\/\/www.illa.be\/fr\/wp-json\/wp\/v2\/product_cat?post=5203"},{"taxonomy":"product_tag","embeddable":true,"href":"https:\/\/www.illa.be\/fr\/wp-json\/wp\/v2\/product_tag?post=5203"}],"curies":[{"name":"wp","href":"https:\/\/api.w.org\/{rel}","templated":true}]}}