{"id":4415,"date":"2025-11-19T20:50:30","date_gmt":"2025-11-19T19:50:30","guid":{"rendered":"https:\/\/www.illa.be\/product\/bazar-bizar-bol-cascais-m-lot-de-6\/"},"modified":"2026-03-26T15:09:08","modified_gmt":"2026-03-26T14:09:08","slug":"bazar-bizar-bol-cascais-m-lot-de-6","status":"publish","type":"product","link":"https:\/\/www.illa.be\/fr\/produit\/bazar-bizar-bol-cascais-m-lot-de-6\/","title":{"rendered":"Bazar Bizar Bol Cascais &#8211; M &#8211; Lot de 6"},"content":{"rendered":"<p>Le bol Cascais s\u2019adapte \u00e0 chaque repas. Ce lot de 6 est polyvalent. Le mat\u00e9riau est durable. Parfait pour les tables modernes et classiques.<br \/>\nCe bol Cascais rend chaque repas sp\u00e9cial. Le classique rencontre le moderne. Parfait pour un usage quotidien. Look intemporel.      <\/p>\n","protected":false},"excerpt":{"rendered":"<p>Pour un brunch, un d\u00e9jeuner ou un d\u00eener, rien n\u2019est plus agr\u00e9able qu\u2019une table bien dress\u00e9e avec de la vaisselle soigneusement choisie. Nous adorons le design unique et les nuances de couleurs de notre c\u00e9ramique portugaise. Un vrai must-have pour chaque occasion. Cette version blanche avec une touche dor\u00e9e est parfaite, du d\u00eener formel au pique-nique estival. Cette vaisselle faite main peut varier en couleur. Ce n\u2019est pas un d\u00e9faut de fabrication, mais une caract\u00e9ristique unique du mat\u00e9riau et du processus de cr\u00e9ation.<\/p>\n","protected":false},"featured_media":4416,"template":"","meta":{"_acf_changed":false},"product_brand":[421],"product_cat":[250,440],"product_tag":[311,359,349,352,238,231,350],"class_list":{"0":"post-4415","1":"product","2":"type-product","3":"status-publish","4":"has-post-thumbnail","6":"product_brand-bazar-bizar","7":"product_cat-diner","8":"product_cat-promo","9":"product_tag-bol","10":"product_tag-cascais","11":"product_tag-ceramique","12":"product_tag-diner","13":"product_tag-fait-main","14":"product_tag-lot","15":"product_tag-mediterraneen","17":"entry","18":"has-media","20":"first","21":"instock","22":"sale","23":"taxable","24":"shipping-taxable","25":"purchasable","26":"product-type-simple","27":"has-product-nav","28":"col","29":"span_1_of_3","30":"owp-content-center","31":"owp-thumbs-layout-horizontal","32":"owp-btn-normal","33":"owp-tabs-layout-horizontal","35":"circle-sale"},"acf":[],"_links":{"self":[{"href":"https:\/\/www.illa.be\/fr\/wp-json\/wp\/v2\/product\/4415","targetHints":{"allow":["GET"]}}],"collection":[{"href":"https:\/\/www.illa.be\/fr\/wp-json\/wp\/v2\/product"}],"about":[{"href":"https:\/\/www.illa.be\/fr\/wp-json\/wp\/v2\/types\/product"}],"wp:featuredmedia":[{"embeddable":true,"href":"https:\/\/www.illa.be\/fr\/wp-json\/wp\/v2\/media\/4416"}],"wp:attachment":[{"href":"https:\/\/www.illa.be\/fr\/wp-json\/wp\/v2\/media?parent=4415"}],"wp:term":[{"taxonomy":"product_brand","embeddable":true,"href":"https:\/\/www.illa.be\/fr\/wp-json\/wp\/v2\/product_brand?post=4415"},{"taxonomy":"product_cat","embeddable":true,"href":"https:\/\/www.illa.be\/fr\/wp-json\/wp\/v2\/product_cat?post=4415"},{"taxonomy":"product_tag","embeddable":true,"href":"https:\/\/www.illa.be\/fr\/wp-json\/wp\/v2\/product_tag?post=4415"}],"curies":[{"name":"wp","href":"https:\/\/api.w.org\/{rel}","templated":true}]}}